{"id":1674,"date":"2013-07-17T16:40:57","date_gmt":"2013-07-17T16:40:57","guid":{"rendered":"http:\/\/schachbezirk-mittelfranken.de\/?page_id=1674"},"modified":"2013-07-17T16:40:57","modified_gmt":"2013-07-17T16:40:57","slug":"nachruf-fur-herbert-ganslmayer","status":"publish","type":"page","link":"http:\/\/schachbezirk-mittelfranken.de\/?page_id=1674","title":{"rendered":"Nachruf f\u00fcr Herbert Ganslmayer"},"content":{"rendered":"<h1><b>Herbert Ganslmayer<\/b> (11. Februar 1943 \u2013 7. Juli 2013)<\/h1>\n<p>Augsburg, den 14. Juli 2013<\/p>\n<p><a href=\"http:\/\/schachbezirk-mittelfranken.de\/wp-content\/uploads\/2013\/07\/ganslmayer-1.jpg\"><img loading=\"lazy\" decoding=\"async\" class=\"alignleft size-full wp-image-1676\" alt=\"ganslmayer-1\" src=\"http:\/\/schachbezirk-mittelfranken.de\/wp-content\/uploads\/2013\/07\/ganslmayer-1.jpg\" width=\"136\" height=\"168\" \/><\/a><\/p>\n<p>Im 71. Lebensjahr stehend ist Herbert Ganslmayer, unser Seniorenreferent im Bayerischen Schachbund, nach schwerer Erkrankung verstorben. Er z\u00e4hlte \u2013 insbesondere in den letzten gut 10 Jahren \u2013 zu den tragenden St\u00fctzen und kritischen K\u00f6pfen unserer ehrenamtlichen Bet\u00e4tigung im bayerischen Schachsport.<\/p>\n<p>Vor \u00fcber 50 Jahren begegnete ich erstmals Herbert in der Schachabteilung des TSV-Burgfarrnbach, in die ich damals wechselte. Dort erlebten wir damaligen \u201eJungspunde\u201c \u00fcber mehr als ein Jahrzehnt eine \u201eHochzeit\u201c des mittelfr\u00e4nkischen und dann auch des bayerischen Vereinsschachs. Irgendwann gewannen wir beide Freude am ehrenamtlichen Einsatz innerhalb der Schachorganisation, Herbert etwas sp\u00e4ter, aber mit gro\u00dfem Einsatz und riesigem ideellem Engagement. Nun verband uns nicht nur der wettkampfm\u00e4\u00dfig betriebene Schachsport, sondern mehr und mehr das Organisieren und Gestalten von Turnieren auf Vereins-, auf mittelfr\u00e4nkischer und auf bayerischer Ebene.<\/p>\n<p>&nbsp;<\/p>\n<p>\u00dcber die Jahre lernte ich Herbert als mitunter zwar etwas eigenwilligen, vor allem aber herzensguten und jederzeit hilfsbereiten Menschen kennen und sch\u00e4tzen. Ich durfte Herbert schlie\u00dflich zu meinen engen Freunden z\u00e4hlen, von denen man im Leben nicht allzu viele hat. Er wusste \u2013 \u00fcber das Schachliche hinaus \u2013 in vielen Lebensbereichen guten Rat, wenn man solchen brauchte.<\/p>\n<p>&nbsp;<\/p>\n<p>In Bayern setzte Herbert Ganslmayer weit \u00fcber 10 Jahre hinweg Glanzpunkte im Seniorenschach. Von Ludwig Schirner, unserem seinerzeitigen \u201e\u00dcbervater\u201c im bayerischen Seniorenschach, gebeten, die Bayerische Senioreneinzelmeisterschaft fortzuf\u00fchren, tat Herbert nicht nur dies, er baute dieses Turnier binnen weniger Jahre zum gr\u00f6\u00dften Einzelturnier des Bayerischen Schachbundes aus. Die von ihm jedes Jahr mit viel Liebe zusammengestellten elektronischen Turnierbulletins mit Partien und Bildern der Teilnehmer gehen als wichtiges gesellschaftliches Element in die Chronik des Bayerischen Schachbundes ein. Zudem erwies sich Herbert nicht nur als begnadeter Organisator, er war auch selbst \u201eM\u00e4zen\u201c, was die Beschaffung etwa von Spielmaterial oder technischem Equipment anbelangt, das er einfach selbst erwarb, ohne wegen finanzieller Unterst\u00fctzung erst lange an den Bayerischen Schachbund heranzutreten.<\/p>\n<p>&nbsp;<\/p>\n<p>Nat\u00fcrlich hatte er vor, in den kommenden Jahren noch viele sch\u00f6ne Bayerische Senioreneinzelmeisterschaften durchzuf\u00fchren. Dies ist ihm nun nicht mehr verg\u00f6nnt. Insofern sieht sich der Bayerische Schachbund in der Pflicht, die von Herbert so bedeutend ausgebaute Meisterschaft ad\u00e4quat fortzuf\u00fchren. Erfreulicherweise hat Herbert noch mitbekommen, dass das heurige Turnier von Schachfreund Dietrich M\u00fcnzenberg zusammen mit dem bew\u00e4hrten Stab langj\u00e4hrig helfender Schachfreunde ganz in seinem Sinne erfolgreich durchgef\u00fchrt werden konnte. Die Weichen sind gestellt, dass das Traditionsturnier weitergeht.<\/p>\n<p>&nbsp;<\/p>\n<p>Herbert Ganslmayer hat sich aber nicht nur als gro\u00dfer Organisator um das Schach in Bayern verdient gemacht, er war auch \u00fcber Dezennien unerm\u00fcdlich dabei, wenn es um viel Kleinarbeit im und um den mittelfr\u00e4nkischen und bayerischen Spielbetrieb ging. Hier l\u00e4sst sich wohl gar nicht alles im Detail aufz\u00e4hlen, was er geleistet hat. Unter anderem war er langj\u00e4hriger Delegationsleiter der bayerischen Mannschaften bei den jedes Jahr stattfindenden Seniorenmannschaftsmeisterschaften der deutschen Landesverb\u00e4nde. Dabei musste er auch immer wieder als \u201ePlaying Captain\u201c aushelfen. Auf jeden Fall hervorzuheben sind einige der \u00e4u\u00dferst zeitaufwendigen Bet\u00e4tigungen, denen er sich mit gr\u00f6\u00dfter Akribie widmete. So hielt er als Pionier der ersten Stunde auf diesem Gebiet Partien der bayerischen und mittelfr\u00e4nkischen Mannschaftsk\u00e4mpfe und Einzelmeisterschaften in ChessBase-Bulletins fest. Er erfasste Partien deutscher Seniorenturniere und trug sie in einer eigenen Datenbank \u2013 \u201eGanslmayers Seniorendatenbank\u201c \u2013 zusammen, mit der er sich weit \u00fcber die bayerischen Grenzen hinaus einen Namen gemacht hat. In enger Kooperation mit Schachfreund Fleischer, dem Beauftragten des Deutschen Schachbundes f\u00fcr die zentrale deutsche DWZ-Daten\u00adbank, wertete er die Ergebnisse der Turnierteilnehmer unz\u00e4hliger Turniere mit der deutschen Wertungszahl (DWZ) aus. Die Pflege der mittelfr\u00e4nkischen Mitgliederbestandsdaten in der bayerischen Datenbank und hierbei insbesondere das Feststellen und Korrigieren zahlreicher, auch \u00fcber den mittelfr\u00e4nkischen Bereich hinausgehender Fehler lag ihm besonders am Herzen.<\/p>\n<p>Mit all diesem Engagement wirkte unser Schachfreund Herbert Ganslmayer weit \u00fcber seine mittelfr\u00e4nkische und bayerische Heimat hinaus f\u00fcr unseren Schachsport und verdiente sich die Anerkennung von Spielern wie Funktion\u00e4ren. Ein schachliches Denkmal setzte er sich selbst \u2013 sicher unbeabsichtigt, wenn man seine bescheidene Art in Betracht zieht \u2013 mit der Bayerischen Senioreneinzelmeisterschaft! Mit ihm ist ein langj\u00e4hriger, h\u00f6chst verdienstvoller Mitgestalter des Schachgeschehens in Bayern und ein mir stets guter Freund von uns gegangen. Herbert wird mir unvergessen bleiben!<\/p>\n<p>Dr. Klaus Norbert M\u00fcnch, Pr\u00e4sident des Bayerischen Schachbundes<\/p>\n","protected":false},"excerpt":{"rendered":"<p>Herbert Ganslmayer (11. Februar 1943 \u2013 7. Juli 2013) Augsburg, den 14. Juli 2013 Im 71. Lebensjahr stehend ist Herbert Ganslmayer, unser Seniorenreferent im Bayerischen Schachbund, nach schwerer Erkrankung verstorben. Er z\u00e4hlte \u2013 insbesondere in den letzten gut 10 Jahren &hellip; <a href=\"http:\/\/schachbezirk-mittelfranken.de\/?page_id=1674\">Weiterlesen <span class=\"meta-nav\">&rarr;<\/span><\/a><\/p>\n","protected":false},"author":9,"featured_media":0,"parent":0,"menu_order":0,"comment_status":"closed","ping_status":"closed","template":"","meta":{"ngg_post_thumbnail":0,"footnotes":""},"class_list":["post-1674","page","type-page","status-publish","hentry"],"_links":{"self":[{"href":"http:\/\/schachbezirk-mittelfranken.de\/index.php?rest_route=\/wp\/v2\/pages\/1674","targetHints":{"allow":["GET"]}}],"collection":[{"href":"http:\/\/schachbezirk-mittelfranken.de\/index.php?rest_route=\/wp\/v2\/pages"}],"about":[{"href":"http:\/\/schachbezirk-mittelfranken.de\/index.php?rest_route=\/wp\/v2\/types\/page"}],"author":[{"embeddable":true,"href":"http:\/\/schachbezirk-mittelfranken.de\/index.php?rest_route=\/wp\/v2\/users\/9"}],"replies":[{"embeddable":true,"href":"http:\/\/schachbezirk-mittelfranken.de\/index.php?rest_route=%2Fwp%2Fv2%2Fcomments&post=1674"}],"version-history":[{"count":4,"href":"http:\/\/schachbezirk-mittelfranken.de\/index.php?rest_route=\/wp\/v2\/pages\/1674\/revisions"}],"predecessor-version":[{"id":1679,"href":"http:\/\/schachbezirk-mittelfranken.de\/index.php?rest_route=\/wp\/v2\/pages\/1674\/revisions\/1679"}],"wp:attachment":[{"href":"http:\/\/schachbezirk-mittelfranken.de\/index.php?rest_route=%2Fwp%2Fv2%2Fmedia&parent=1674"}],"curies":[{"name":"wp","href":"https:\/\/api.w.org\/{rel}","templated":true}]}}