{"id":350,"date":"2011-07-02T18:01:41","date_gmt":"2011-07-02T16:01:41","guid":{"rendered":"http:\/\/www.sc-postbauer-heng.de\/08open\/?page_id=349"},"modified":"2024-04-10T15:34:30","modified_gmt":"2024-04-10T15:34:30","slug":"mitgliedermeldung","status":"publish","type":"page","link":"http:\/\/schachbezirk-mittelfranken.de\/?page_id=350","title":{"rendered":"Mitgliederverwaltung"},"content":{"rendered":"<p style=\"text-align: center;\"><a title=\"Mittelfranken\" href=\"http:\/\/www.ligamanager.schachbund-bayern.de\/mitglieder\/bayerischer_schachbund_e.v.\/mittelfranken\/21000.htm\" target=\"_blank\" rel=\"noopener noreferrer\">\u00a0Bezirk Mittelfranken <\/a><br \/>\n<a title=\"Kreis Mitte\" href=\"http:\/\/www.ligamanager.schachbund-bayern.de\/mitglieder\/bayerischer_schachbund_e.v.\/mittelfranken\/21100.htm\" target=\"_blank\" rel=\"noopener noreferrer\">Kreis Mitte<\/a> \/ <a title=\"Kreis Nord\" href=\"http:\/\/www.ligamanager.schachbund-bayern.de\/mitglieder\/bayerischer_schachbund_e.v.\/mittelfranken\/21200.htm\" target=\"_blank\" rel=\"noopener noreferrer\">Kreis Nord<\/a> \/ <a title=\"Kreis Ost\" href=\"http:\/\/www.ligamanager.schachbund-bayern.de\/mitglieder\/bayerischer_schachbund_e.v.\/mittelfranken\/21300.htm\" target=\"_blank\" rel=\"noopener noreferrer\">Kreis Ost<\/a> \/ <a title=\"Kreis S\u00fcd\" href=\"http:\/\/www.ligamanager.schachbund-bayern.de\/mitglieder\/bayerischer_schachbund_e.v.\/mittelfranken\/21400.htm\" target=\"_blank\" rel=\"noopener noreferrer\">Kreis S\u00fcd<\/a> \/ <a title=\"Kreis West\" href=\"http:\/\/www.ligamanager.schachbund-bayern.de\/mitglieder\/bayerischer_schachbund_e.v.\/mittelfranken\/21500.htm\" target=\"_blank\" rel=\"noopener noreferrer\">Kreis West<\/a><br \/>\nSpieler suchen bei: <a href=\"http:\/\/www.schachbund.de\/spieler.html\">DSB<\/a> | <a href=\"http:\/\/ratings.fide.com\/\">FIDE<\/a><\/p>\n<p><strong>Mitgliederreferent<\/strong>: Wolfgang Fiedler<span style=\"text-decoration: underline;\"><br \/>\n<\/span><strong>Mail<\/strong>: mitgliederverwaltung [at] schachbezirk-mittelfranken.de<\/p>\n<h2 style=\"text-align: center;\"><span style=\"color: #ff0000;\">Anmeldung neuer Mitglieder<\/span><\/h2>\n<h1 style=\"text-align: left;\">Liebe Schachfreunde die Mitgliederverwaltung auf\u00a0 Nu umgestellt. Das bedeutet<br \/>\ndas die vereine selbst die ganzen Antr\u00e4ge einreichen und der Mitgliederreferent dann pr\u00fcft und freigibt. \u00dcber 90 % der Vereine haben das schon umgesetzt.<br \/>\nDie Zugangsdaten haben alle Vereine mit der Beitragsrechnung BSB bekommen<br \/>\n&#8211; hier auf der R\u00fcckseite. Wer damit nicht zurechtkommt, wendet sich bitte an Claus Kuhlemann (Mitgliederreferent Bayern) Kontakt siehe BSB Homepage.<\/h1>\n<ul>\n<li><a href=\"http:\/\/www.schachbund-bayern.de\/index.php?id=36\">BSB: Mitglieder- und Spielverwaltungsordnung<\/a><\/li>\n<li>Datenschutzordnungen:\u00a0<a class=\"linkInt\" href=\"http:\/\/www.schachbund-bayern.de\/fileadmin\/docs\/ordnungen\/BSB_DatenschutzO2013.pdf\"> BSB (Pdf)<\/a> (Stand 2013) | <a href=\"http:\/\/www.schachbund.de\/satzung-ordnungen.html?file=files\/dsb\/ordnung\/Datenschutzordnung%20-%20Stand%3A%20August%202015.pdf\">DSB (Pdf)<\/a> (Stand 2015). Aktualisierung siehe neue Satzung des Bezirks.<\/li>\n<\/ul>\n","protected":false},"excerpt":{"rendered":"<p>\u00a0Bezirk Mittelfranken Kreis Mitte \/ Kreis Nord \/ Kreis Ost \/ Kreis S\u00fcd \/ Kreis West Spieler suchen bei: DSB | FIDE Mitgliederreferent: Wolfgang Fiedler Mail: mitgliederverwaltung [at] schachbezirk-mittelfranken.de Anmeldung neuer Mitglieder Liebe Schachfreunde die Mitgliederverwaltung auf\u00a0 Nu umgestellt. Das &hellip; <a href=\"http:\/\/schachbezirk-mittelfranken.de\/?page_id=350\">Weiterlesen <span class=\"meta-nav\">&rarr;<\/span><\/a><\/p>\n","protected":false},"author":3,"featured_media":0,"parent":0,"menu_order":0,"comment_status":"closed","ping_status":"closed","template":"","meta":{"ngg_post_thumbnail":0,"footnotes":""},"class_list":["post-350","page","type-page","status-publish","hentry"],"_links":{"self":[{"href":"http:\/\/schachbezirk-mittelfranken.de\/index.php?rest_route=\/wp\/v2\/pages\/350","targetHints":{"allow":["GET"]}}],"collection":[{"href":"http:\/\/schachbezirk-mittelfranken.de\/index.php?rest_route=\/wp\/v2\/pages"}],"about":[{"href":"http:\/\/schachbezirk-mittelfranken.de\/index.php?rest_route=\/wp\/v2\/types\/page"}],"author":[{"embeddable":true,"href":"http:\/\/schachbezirk-mittelfranken.de\/index.php?rest_route=\/wp\/v2\/users\/3"}],"replies":[{"embeddable":true,"href":"http:\/\/schachbezirk-mittelfranken.de\/index.php?rest_route=%2Fwp%2Fv2%2Fcomments&post=350"}],"version-history":[{"count":86,"href":"http:\/\/schachbezirk-mittelfranken.de\/index.php?rest_route=\/wp\/v2\/pages\/350\/revisions"}],"predecessor-version":[{"id":7232,"href":"http:\/\/schachbezirk-mittelfranken.de\/index.php?rest_route=\/wp\/v2\/pages\/350\/revisions\/7232"}],"wp:attachment":[{"href":"http:\/\/schachbezirk-mittelfranken.de\/index.php?rest_route=%2Fwp%2Fv2%2Fmedia&parent=350"}],"curies":[{"name":"wp","href":"https:\/\/api.w.org\/{rel}","templated":true}]}}