{"id":3849,"date":"2017-02-04T18:29:36","date_gmt":"2017-02-04T18:29:36","guid":{"rendered":"http:\/\/schachbezirk-mittelfranken.de\/?page_id=3849"},"modified":"2017-02-04T18:29:36","modified_gmt":"2017-02-04T18:29:36","slug":"mannschaftsblitzmeisterschaft-2017","status":"publish","type":"page","link":"http:\/\/schachbezirk-mittelfranken.de\/?page_id=3849","title":{"rendered":"Mannschaftsblitzmeisterschaft 2017"},"content":{"rendered":"<p>&nbsp;<\/p>\n<p>Die mittelfr\u00e4nkische Mannschaftsblitzmeisterschaft 2017 fand am 4. Februar bei Schwarz-Wei\u00df N\u00fcrnberg S\u00fcd im S\u00fcdstadtforum statt. Unter der Leitung von Richard Saathoff k\u00e4mpften 13 Mannschaften um den Meistertitel, am Ende setzte sich der SC Forchheim knapp vor Noris Tarrasch N\u00fcrnberg durch.<\/p>\n<table border=\"2\" cellspacing=\"2\" cellpadding=\"2\" bgcolor=\"#FFFFFF\">\n<tbody>\n<tr bgcolor=\"#99CCFF\">\n<th>Rang<\/th>\n<th>Mannschaft<\/th>\n<th>TWZ<\/th>\n<th>1<\/th>\n<th>2<\/th>\n<th>3<\/th>\n<th>4<\/th>\n<th>5<\/th>\n<th>6<\/th>\n<th>7<\/th>\n<th>8<\/th>\n<th>9<\/th>\n<th>10<\/th>\n<th>11<\/th>\n<th>12<\/th>\n<th>13<\/th>\n<th>MPkt.<\/th>\n<th>Brt.P<\/th>\n<\/tr>\n<tr bgcolor=\"#FFFFFF\">\n<td>1.<\/td>\n<td>SC\u00a0Forchheim<\/td>\n<td>2230<\/td>\n<td>**<\/td>\n<td>3<\/td>\n<td>4<\/td>\n<td>3<\/td>\n<td>2<\/td>\n<td>3\u00bd<\/td>\n<td>3<\/td>\n<td>3\u00bd<\/td>\n<td>3\u00bd<\/td>\n<td>3<\/td>\n<td>4<\/td>\n<td>4<\/td>\n<td>3\u00bd<\/td>\n<td><strong>23\u00a0&#8211;\u00a01<\/strong><\/td>\n<td>40.0<\/td>\n<\/tr>\n<tr bgcolor=\"#FFFFFF\">\n<td>2.<\/td>\n<td>SC\u00a0Noris\u00a0Tarrasch N\u00fcrnberg<\/td>\n<td>2174<\/td>\n<td>1<\/td>\n<td>**<\/td>\n<td>2\u00bd<\/td>\n<td>3\u00bd<\/td>\n<td>4<\/td>\n<td>4<\/td>\n<td>3\u00bd<\/td>\n<td>4<\/td>\n<td>3<\/td>\n<td>3\u00bd<\/td>\n<td>4<\/td>\n<td>4<\/td>\n<td>3<\/td>\n<td><strong>22\u00a0&#8211;\u00a02<\/strong><\/td>\n<td>40.0<\/td>\n<\/tr>\n<tr bgcolor=\"#FFFFFF\">\n<td>3.<\/td>\n<td>SC\u00a048\/88\u00a0Erlangen<\/td>\n<td>1959<\/td>\n<td>0<\/td>\n<td>1\u00bd<\/td>\n<td>**<\/td>\n<td>3<\/td>\n<td>2<\/td>\n<td>3<\/td>\n<td>2<\/td>\n<td>3<\/td>\n<td>3<\/td>\n<td>4<\/td>\n<td>4<\/td>\n<td>3\u00bd<\/td>\n<td>3<\/td>\n<td><strong>18\u00a0&#8211;\u00a06<\/strong><\/td>\n<td>32.0<\/td>\n<\/tr>\n<tr bgcolor=\"#FFFFFF\">\n<td>4.<\/td>\n<td>SC\u00a0J\u00e4klechemie<\/td>\n<td>1900<\/td>\n<td>1<\/td>\n<td>\u00bd<\/td>\n<td>1<\/td>\n<td>**<\/td>\n<td>2\u00bd<\/td>\n<td>2<\/td>\n<td>2\u00bd<\/td>\n<td>2<\/td>\n<td>3<\/td>\n<td>2\u00bd<\/td>\n<td>2<\/td>\n<td>3<\/td>\n<td>3\u00bd<\/td>\n<td><strong>15\u00a0&#8211;\u00a09<\/strong><\/td>\n<td>25.5<\/td>\n<\/tr>\n<tr bgcolor=\"#FFFFFF\">\n<td>5.<\/td>\n<td>SC\u00a0Schwarz-Wei\u00df\u00a0N\u00fcrnberg<\/td>\n<td>2050<\/td>\n<td>2<\/td>\n<td>0<\/td>\n<td>2<\/td>\n<td>1\u00bd<\/td>\n<td>**<\/td>\n<td>\u00bd<\/td>\n<td>2\u00bd<\/td>\n<td>3\u00bd<\/td>\n<td>4<\/td>\n<td>3\u00bd<\/td>\n<td>1<\/td>\n<td>4<\/td>\n<td>3<\/td>\n<td><strong>14\u00a0&#8211;\u00a010<\/strong><\/td>\n<td>27.5<\/td>\n<\/tr>\n<tr bgcolor=\"#FFFFFF\">\n<td>6.<\/td>\n<td>SK\u00a0Neumarkt<\/td>\n<td>1887<\/td>\n<td>\u00bd<\/td>\n<td>0<\/td>\n<td>1<\/td>\n<td>2<\/td>\n<td>3\u00bd<\/td>\n<td>**<\/td>\n<td>1<\/td>\n<td>2\u00bd<\/td>\n<td>2<\/td>\n<td>4<\/td>\n<td>4<\/td>\n<td>3<\/td>\n<td>2\u00bd<\/td>\n<td><strong>14\u00a0&#8211;\u00a010<\/strong><\/td>\n<td>26.0<\/td>\n<\/tr>\n<tr bgcolor=\"#FFFFFF\">\n<td>7.<\/td>\n<td>SC\u00a0Heilsbronn<\/td>\n<td>1868<\/td>\n<td>1<\/td>\n<td>\u00bd<\/td>\n<td>2<\/td>\n<td>1\u00bd<\/td>\n<td>1\u00bd<\/td>\n<td>3<\/td>\n<td>**<\/td>\n<td>2<\/td>\n<td>2<\/td>\n<td>1<\/td>\n<td>2\u00bd<\/td>\n<td>2<\/td>\n<td>3<\/td>\n<td><strong>10\u00a0&#8211;\u00a014<\/strong><\/td>\n<td>22.0<\/td>\n<\/tr>\n<tr bgcolor=\"#FFFFFF\">\n<td>8.<\/td>\n<td>TSV\u00a0Cadolzburg<\/td>\n<td>1949<\/td>\n<td>\u00bd<\/td>\n<td>0<\/td>\n<td>1<\/td>\n<td>2<\/td>\n<td>\u00bd<\/td>\n<td>1\u00bd<\/td>\n<td>2<\/td>\n<td>**<\/td>\n<td>4<\/td>\n<td>1\u00bd<\/td>\n<td>2\u00bd<\/td>\n<td>4<\/td>\n<td>2\u00bd<\/td>\n<td><strong>10\u00a0&#8211;\u00a014<\/strong><\/td>\n<td>22.0<\/td>\n<\/tr>\n<tr bgcolor=\"#FFFFFF\">\n<td>9.<\/td>\n<td>Zabo\u00a0Eintracht\u00a0N\u00fcrnberg<\/td>\n<td>1923<\/td>\n<td>\u00bd<\/td>\n<td>1<\/td>\n<td>1<\/td>\n<td>1<\/td>\n<td>0<\/td>\n<td>2<\/td>\n<td>2<\/td>\n<td>0<\/td>\n<td>**<\/td>\n<td>2<\/td>\n<td>3<\/td>\n<td>4<\/td>\n<td>3\u00bd<\/td>\n<td><strong>9\u00a0&#8211;\u00a015<\/strong><\/td>\n<td>20.0<\/td>\n<\/tr>\n<tr bgcolor=\"#FFFFFF\">\n<td>10.<\/td>\n<td>SC\u00a0Heideck-Hilpoltstein<\/td>\n<td>1867<\/td>\n<td>1<\/td>\n<td>\u00bd<\/td>\n<td>0<\/td>\n<td>1\u00bd<\/td>\n<td>\u00bd<\/td>\n<td>0<\/td>\n<td>3<\/td>\n<td>2\u00bd<\/td>\n<td>2<\/td>\n<td>**<\/td>\n<td>2<\/td>\n<td>3\u00bd<\/td>\n<td>1<\/td>\n<td><strong>8\u00a0&#8211;\u00a016<\/strong><\/td>\n<td>17.5<\/td>\n<\/tr>\n<tr bgcolor=\"#FFFFFF\">\n<td>11.<\/td>\n<td>SC\u00a0Postbauer-Heng<\/td>\n<td>1850<\/td>\n<td>0<\/td>\n<td>0<\/td>\n<td>0<\/td>\n<td>2<\/td>\n<td>3<\/td>\n<td>0<\/td>\n<td>1\u00bd<\/td>\n<td>1\u00bd<\/td>\n<td>1<\/td>\n<td>2<\/td>\n<td>**<\/td>\n<td>1\u00bd<\/td>\n<td>2\u00bd<\/td>\n<td><strong>6\u00a0&#8211;\u00a018<\/strong><\/td>\n<td>15.0<\/td>\n<\/tr>\n<tr bgcolor=\"#FFFFFF\">\n<td>12.<\/td>\n<td>SG\u00a01882\u00a0F\u00fcrth\u00a0Jugend<\/td>\n<td>1540<\/td>\n<td>0<\/td>\n<td>0<\/td>\n<td>\u00bd<\/td>\n<td>1<\/td>\n<td>0<\/td>\n<td>1<\/td>\n<td>2<\/td>\n<td>0<\/td>\n<td>0<\/td>\n<td>\u00bd<\/td>\n<td>2\u00bd<\/td>\n<td>**<\/td>\n<td>2<\/td>\n<td><strong>4\u00a0&#8211;\u00a020<\/strong><\/td>\n<td>9.5<\/td>\n<\/tr>\n<tr bgcolor=\"#FFFFFF\">\n<td>13.<\/td>\n<td>SG\u00a0F\u00fcrth\u00a01882<\/td>\n<td>1731<\/td>\n<td>\u00bd<\/td>\n<td>1<\/td>\n<td>1<\/td>\n<td>\u00bd<\/td>\n<td>1<\/td>\n<td>1\u00bd<\/td>\n<td>1<\/td>\n<td>1\u00bd<\/td>\n<td>\u00bd<\/td>\n<td>3<\/td>\n<td>1\u00bd<\/td>\n<td>2<\/td>\n<td>**<\/td>\n<td><strong>3\u00a0&#8211;\u00a021<\/strong><\/td>\n<td>15.0<\/td>\n<\/tr>\n<\/tbody>\n<\/table>\n<p>&#8230;<\/p>\n<div id=\"attachment_3851\" style=\"width: 310px\" class=\"wp-caption alignleft\"><a href=\"http:\/\/schachbezirk-mittelfranken.de\/wp-content\/uploads\/2017\/02\/MMBl2017-Sieger-SC-Forchheim.jpg\"><img loading=\"lazy\" decoding=\"async\" aria-describedby=\"caption-attachment-3851\" class=\"size-medium wp-image-3851\" src=\"http:\/\/schachbezirk-mittelfranken.de\/wp-content\/uploads\/2017\/02\/MMBl2017-Sieger-SC-Forchheim-300x176.jpg\" alt=\"SC Forchheim\" width=\"300\" height=\"176\" srcset=\"http:\/\/schachbezirk-mittelfranken.de\/wp-content\/uploads\/2017\/02\/MMBl2017-Sieger-SC-Forchheim-300x176.jpg 300w, http:\/\/schachbezirk-mittelfranken.de\/wp-content\/uploads\/2017\/02\/MMBl2017-Sieger-SC-Forchheim-768x450.jpg 768w, http:\/\/schachbezirk-mittelfranken.de\/wp-content\/uploads\/2017\/02\/MMBl2017-Sieger-SC-Forchheim-500x293.jpg 500w, http:\/\/schachbezirk-mittelfranken.de\/wp-content\/uploads\/2017\/02\/MMBl2017-Sieger-SC-Forchheim.jpg 800w\" sizes=\"auto, (max-width: 300px) 100vw, 300px\" \/><\/a><p id=\"caption-attachment-3851\" class=\"wp-caption-text\">Lukas Schulz &#8211; Manfred Heidrich &#8211; Hans J\u00fcrgen D\u00f6res &#8211; Berthold Bartsch<\/p><\/div>\n<p>&nbsp;<\/p>\n","protected":false},"excerpt":{"rendered":"<p>&nbsp; Die mittelfr\u00e4nkische Mannschaftsblitzmeisterschaft 2017 fand am 4. Februar bei Schwarz-Wei\u00df N\u00fcrnberg S\u00fcd im S\u00fcdstadtforum statt. Unter der Leitung von Richard Saathoff k\u00e4mpften 13 Mannschaften um den Meistertitel, am Ende setzte sich der SC Forchheim knapp vor Noris Tarrasch N\u00fcrnberg &hellip; <a href=\"http:\/\/schachbezirk-mittelfranken.de\/?page_id=3849\">Weiterlesen <span class=\"meta-nav\">&rarr;<\/span><\/a><\/p>\n","protected":false},"author":9,"featured_media":0,"parent":0,"menu_order":0,"comment_status":"closed","ping_status":"closed","template":"","meta":{"ngg_post_thumbnail":0,"footnotes":""},"class_list":["post-3849","page","type-page","status-publish","hentry"],"_links":{"self":[{"href":"http:\/\/schachbezirk-mittelfranken.de\/index.php?rest_route=\/wp\/v2\/pages\/3849","targetHints":{"allow":["GET"]}}],"collection":[{"href":"http:\/\/schachbezirk-mittelfranken.de\/index.php?rest_route=\/wp\/v2\/pages"}],"about":[{"href":"http:\/\/schachbezirk-mittelfranken.de\/index.php?rest_route=\/wp\/v2\/types\/page"}],"author":[{"embeddable":true,"href":"http:\/\/schachbezirk-mittelfranken.de\/index.php?rest_route=\/wp\/v2\/users\/9"}],"replies":[{"embeddable":true,"href":"http:\/\/schachbezirk-mittelfranken.de\/index.php?rest_route=%2Fwp%2Fv2%2Fcomments&post=3849"}],"version-history":[{"count":2,"href":"http:\/\/schachbezirk-mittelfranken.de\/index.php?rest_route=\/wp\/v2\/pages\/3849\/revisions"}],"predecessor-version":[{"id":3853,"href":"http:\/\/schachbezirk-mittelfranken.de\/index.php?rest_route=\/wp\/v2\/pages\/3849\/revisions\/3853"}],"wp:attachment":[{"href":"http:\/\/schachbezirk-mittelfranken.de\/index.php?rest_route=%2Fwp%2Fv2%2Fmedia&parent=3849"}],"curies":[{"name":"wp","href":"https:\/\/api.w.org\/{rel}","templated":true}]}}